{"id":1455,"date":"2022-08-12T13:26:15","date_gmt":"2022-08-12T11:26:15","guid":{"rendered":"https:\/\/clusterdemuntanya.cat\/aviso-legal\/"},"modified":"2024-09-10T20:32:37","modified_gmt":"2024-09-10T18:32:37","slug":"aviso-legal","status":"publish","type":"page","link":"https:\/\/clusterdemuntanya.cat\/es\/aviso-legal\/","title":{"rendered":"Aviso legal"},"content":{"rendered":"\t\t<div data-elementor-type=\"wp-page\" data-elementor-id=\"1455\" class=\"elementor elementor-1455 elementor-363\" data-elementor-post-type=\"page\">\n\t\t\t\t\t\t<section class=\"elementor-section elementor-top-section elementor-element elementor-element-36c8293 elementor-section-boxed elementor-section-height-default elementor-section-height-default\" data-id=\"36c8293\" data-element_type=\"section\" data-e-type=\"section\">\n\t\t\t\t\t\t<div class=\"elementor-container elementor-column-gap-default\">\n\t\t\t\t\t<div class=\"elementor-column elementor-col-100 elementor-top-column elementor-element elementor-element-5acb518\" data-id=\"5acb518\" data-element_type=\"column\" data-e-type=\"column\">\n\t\t\t<div class=\"elementor-widget-wrap elementor-element-populated\">\n\t\t\t\t\t\t<div class=\"elementor-element elementor-element-c84a692 elementor-widget elementor-widget-spacer\" data-id=\"c84a692\" data-element_type=\"widget\" data-e-type=\"widget\" data-widget_type=\"spacer.default\">\n\t\t\t\t<div class=\"elementor-widget-container\">\n\t\t\t\t\t\t\t<div class=\"elementor-spacer\">\n\t\t\t<div class=\"elementor-spacer-inner\"><\/div>\n\t\t<\/div>\n\t\t\t\t\t\t<\/div>\n\t\t\t\t<\/div>\n\t\t\t\t<div class=\"elementor-element elementor-element-92e8e86 elementor-widget elementor-widget-heading\" data-id=\"92e8e86\" data-element_type=\"widget\" data-e-type=\"widget\" data-widget_type=\"heading.default\">\n\t\t\t\t<div class=\"elementor-widget-container\">\n\t\t\t\t\t<h2 class=\"elementor-heading-title elementor-size-default\">Aviso Legal<\/h2>\t\t\t\t<\/div>\n\t\t\t\t<\/div>\n\t\t\t\t<div class=\"elementor-element elementor-element-a6896aa elementor-widget elementor-widget-text-editor\" data-id=\"a6896aa\" data-element_type=\"widget\" data-e-type=\"widget\" data-widget_type=\"text-editor.default\">\n\t\t\t\t<div class=\"elementor-widget-container\">\n\t\t\t\t\t\t\t\t\t<p class=\"p3\"><b>Informaci\u00f3n de Conformidad con el art\u00edculo 10 de la LSSI<\/b><\/p>\n<p class=\"p3\">La titular de esta web es:<\/p>\n<p class=\"p3\">Identidad: ASOCIACI\u00d3N CLUSTER AGROALIMENTARIO DE PRODUCTOS T\u00cdPICOS DE MONTA\u00d1A<\/p>\n<p class=\"p3\">NIF: G66351529<\/p>\n<p class=\"p3\">Direcci\u00f3n: Calle Serrat del Peric,11 \u00b7 08513 \u00b7 Prats de Llu\u00e7an\u00e8s (Barcelona)<\/p>\n<p class=\"p3\">Correo electr\u00f3nico: info@clusterdemuntanya.cat<\/p>\n<p class=\"p3\"><b>Condiciones de uso<\/b><\/p>\n<p class=\"p3\">El uso de este sitio web implica la aceptaci\u00f3n plena de los t\u00e9rminos y condiciones del presente aviso legal. Los posibles conflictos relativos a este sitio web se regir\u00e1n exclusivamente por el derecho del Estado espa\u00f1ol. Toda persona usuaria de la web, independientemente de la jurisdicci\u00f3n territorial desde la que se produzca su acceso, acepta el cumplimiento y respeto de estas cl\u00e1usulas con renuncia expresa a cualquier otro fuero que pudiera corresponderle.  <\/p>\n<p class=\"p1\"><span class=\"Apple-converted-space\"> <\/span><\/p>\n<p class=\"p3\"><b>Propiedad intelectual e industrial<\/b><\/p>\n<p class=\"p3\">La totalidad del contenido de este sitio web, ya sean textos, im\u00e1genes, sonidos, marcas, logotipos u otros elementos, as\u00ed como subestructura, dise\u00f1o, combinaciones de colores o forma de presentaci\u00f3n de los materiales, est\u00e1n protegidos por derechos de propiedad industrial e inteligencia que el usuario de este sitio web debe respetar. No es l\u00edcita su transformaci\u00f3n o alteraci\u00f3n, comunicaci\u00f3n p\u00fablica o cualquier otra forma de explotaci\u00f3n por cualquier procedimiento sin la autorizaci\u00f3n expresa de la ASOCIACI\u00d3N CLUSTER AGROALIMENTARIO DE PRODUCTOS T\u00cdPICOS DE MONTA\u00d1A. <\/p>\n<p class=\"p1\"><span class=\"Apple-converted-space\"> <\/span><\/p>\n<p class=\"p3\"><b>Responsabilidad sobre los contenidos<\/b><\/p>\n<p class=\"p3\">Aunque la ASOCIACI\u00d3N CLUSTER AGROALIMENTARIO DE PRODUCTOS T\u00cdPICOS DE MONTA\u00d1A act\u00faa con la m\u00e1xima diligencia posible, puede darse el caso de que alg\u00fan dato o informaci\u00f3n no est\u00e9 del todo actualizado en el momento que el usuario del sitio web lo consulte. Por eso, las informaciones que se presentan en esta web tienen una funci\u00f3n orientativa y no obligan a la ASOCIACI\u00d3N CLUSTER AGROALIMENTARIO DE PRODUCTOS T\u00cdPICOS DE MONTA\u00d1A. <\/p>\n<p class=\"p3\">LA ASOCIACI\u00d3N CLUSTER AGROALIMENTARIO DE PRODUCTOS T\u00cdPICOS DE MONTA\u00d1A no ser\u00e1 responsable de la informaci\u00f3n que pueda obtenerse a trav\u00e9s de enlaces incluidos en su web.<\/p>\n<p class=\"p1\"><span class=\"Apple-converted-space\"> <\/span><\/p>\n<p class=\"p3\">LA ASOCIACI\u00d3N CLUSTER AGROALIMENTARIO DE PRODUCTOS T\u00cdPICOS DE MONTA\u00d1A se reserva la facultad de realizar, en cualquier momento y sin necesidad de preaviso, modificaciones o actualizaciones de la informaci\u00f3n y de cualquiera de los elementos que integren el dise\u00f1o y configuraci\u00f3n de la p\u00e1gina web.<\/p>\n<p class=\"p1\"><span class=\"Apple-converted-space\"> <\/span><\/p>\n<p class=\"p3\"><b>Ley aplicable y jurisdicci\u00f3n<\/b><\/p>\n<p class=\"p3\">El uso de este sitio web implica la plena aceptaci\u00f3n de los t\u00e9rminos y condiciones en el presente aviso legal. Los posibles conflictos relativos a este sitio web se regir\u00e1n exclusivamente por la legislaci\u00f3n espa\u00f1ola, siendo competentes los Juzgados y Tribunales espa\u00f1oles para conocer cualquier cuesti\u00f3n que se suscite sobre ella. El usuario, en virtud de su aceptaci\u00f3n renuncia expresamente a cualquier fuero que por aplicaci\u00f3n de la Ley de Enjuiciamiento Civil vigente le  <span class=\"Apple-converted-space\">  <\/span>pudiera corresponder.<\/p>\n\t\t\t\t\t\t\t\t<\/div>\n\t\t\t\t<\/div>\n\t\t\t\t\t<\/div>\n\t\t<\/div>\n\t\t\t\t\t<\/div>\n\t\t<\/section>\n\t\t\t\t<\/div>\n\t\t","protected":false},"excerpt":{"rendered":"<p>Aviso Legal Informaci\u00f3n de Conformidad con el art\u00edculo 10 de la LSSI La titular de esta web es: Identidad: ASOCIACI\u00d3N CLUSTER AGROALIMENTARIO DE PRODUCTOS T\u00cdPICOS DE MONTA\u00d1A NIF: G66351529 Direcci\u00f3n: Calle Serrat del Peric,11 \u00b7 08513 \u00b7 Prats de Llu\u00e7an\u00e8s (Barcelona) Correo electr\u00f3nico: info@clusterdemuntanya.cat Condiciones de uso El uso de este sitio web implica la [&hellip;]<\/p>\n","protected":false},"author":1,"featured_media":0,"parent":0,"menu_order":0,"comment_status":"closed","ping_status":"closed","template":"","meta":{"footnotes":""},"class_list":["post-1455","page","type-page","status-publish","hentry"],"yoast_head":"<!-- This site is optimized with the Yoast SEO plugin v27.4 - https:\/\/yoast.com\/product\/yoast-seo-wordpress\/ -->\n<title>Aviso legal - Cl\u00faster de Muntanya<\/title>\n<meta name=\"robots\" content=\"index, follow, max-snippet:-1, max-image-preview:large, max-video-preview:-1\" \/>\n<link rel=\"canonical\" href=\"https:\/\/clusterdemuntanya.cat\/es\/aviso-legal\/\" \/>\n<meta property=\"og:locale\" content=\"es_ES\" \/>\n<meta property=\"og:type\" content=\"article\" \/>\n<meta property=\"og:title\" content=\"Aviso legal - Cl\u00faster de Muntanya\" \/>\n<meta property=\"og:description\" content=\"Aviso Legal Informaci\u00f3n de Conformidad con el art\u00edculo 10 de la LSSI La titular de esta web es: Identidad: ASOCIACI\u00d3N CLUSTER AGROALIMENTARIO DE PRODUCTOS T\u00cdPICOS DE MONTA\u00d1A NIF: G66351529 Direcci\u00f3n: Calle Serrat del Peric,11 \u00b7 08513 \u00b7 Prats de Llu\u00e7an\u00e8s (Barcelona) Correo electr\u00f3nico: info@clusterdemuntanya.cat Condiciones de uso El uso de este sitio web implica la [&hellip;]\" \/>\n<meta property=\"og:url\" content=\"https:\/\/clusterdemuntanya.cat\/es\/aviso-legal\/\" \/>\n<meta property=\"og:site_name\" content=\"Cl\u00faster de Muntanya\" \/>\n<meta property=\"article:modified_time\" content=\"2024-09-10T18:32:37+00:00\" \/>\n<meta name=\"twitter:card\" content=\"summary_large_image\" \/>\n<meta name=\"twitter:label1\" content=\"Tiempo de lectura\" \/>\n\t<meta name=\"twitter:data1\" content=\"2 minutos\" \/>\n<script type=\"application\/ld+json\" class=\"yoast-schema-graph\">{\"@context\":\"https:\\\/\\\/schema.org\",\"@graph\":[{\"@type\":\"WebPage\",\"@id\":\"https:\\\/\\\/clusterdemuntanya.cat\\\/es\\\/aviso-legal\\\/\",\"url\":\"https:\\\/\\\/clusterdemuntanya.cat\\\/es\\\/aviso-legal\\\/\",\"name\":\"Aviso legal - Cl\u00faster de Muntanya\",\"isPartOf\":{\"@id\":\"https:\\\/\\\/clusterdemuntanya.cat\\\/es\\\/#website\"},\"datePublished\":\"2022-08-12T11:26:15+00:00\",\"dateModified\":\"2024-09-10T18:32:37+00:00\",\"breadcrumb\":{\"@id\":\"https:\\\/\\\/clusterdemuntanya.cat\\\/es\\\/aviso-legal\\\/#breadcrumb\"},\"inLanguage\":\"es\",\"potentialAction\":[{\"@type\":\"ReadAction\",\"target\":[\"https:\\\/\\\/clusterdemuntanya.cat\\\/es\\\/aviso-legal\\\/\"]}]},{\"@type\":\"BreadcrumbList\",\"@id\":\"https:\\\/\\\/clusterdemuntanya.cat\\\/es\\\/aviso-legal\\\/#breadcrumb\",\"itemListElement\":[{\"@type\":\"ListItem\",\"position\":1,\"name\":\"Inici\",\"item\":\"https:\\\/\\\/clusterdemuntanya.cat\\\/es\\\/\"},{\"@type\":\"ListItem\",\"position\":2,\"name\":\"Aviso legal\"}]},{\"@type\":\"WebSite\",\"@id\":\"https:\\\/\\\/clusterdemuntanya.cat\\\/es\\\/#website\",\"url\":\"https:\\\/\\\/clusterdemuntanya.cat\\\/es\\\/\",\"name\":\"Cl\u00faster de Muntanya\",\"description\":\"El Cl\u00faster Agroalimentari de Productes T\u00edpics de Muntanya\",\"publisher\":{\"@id\":\"https:\\\/\\\/clusterdemuntanya.cat\\\/es\\\/#organization\"},\"potentialAction\":[{\"@type\":\"SearchAction\",\"target\":{\"@type\":\"EntryPoint\",\"urlTemplate\":\"https:\\\/\\\/clusterdemuntanya.cat\\\/es\\\/?s={search_term_string}\"},\"query-input\":{\"@type\":\"PropertyValueSpecification\",\"valueRequired\":true,\"valueName\":\"search_term_string\"}}],\"inLanguage\":\"es\"},{\"@type\":\"Organization\",\"@id\":\"https:\\\/\\\/clusterdemuntanya.cat\\\/es\\\/#organization\",\"name\":\"Cl\u00faster de Muntanya\",\"url\":\"https:\\\/\\\/clusterdemuntanya.cat\\\/es\\\/\",\"logo\":{\"@type\":\"ImageObject\",\"inLanguage\":\"es\",\"@id\":\"https:\\\/\\\/clusterdemuntanya.cat\\\/es\\\/#\\\/schema\\\/logo\\\/image\\\/\",\"url\":\"https:\\\/\\\/clusterdemuntanya.cat\\\/wp-content\\\/uploads\\\/2022\\\/07\\\/logo-cluster-de-muntanya-2-horitzontal-25.png\",\"contentUrl\":\"https:\\\/\\\/clusterdemuntanya.cat\\\/wp-content\\\/uploads\\\/2022\\\/07\\\/logo-cluster-de-muntanya-2-horitzontal-25.png\",\"width\":1064,\"height\":298,\"caption\":\"Cl\u00faster de Muntanya\"},\"image\":{\"@id\":\"https:\\\/\\\/clusterdemuntanya.cat\\\/es\\\/#\\\/schema\\\/logo\\\/image\\\/\"}}]}<\/script>\n<!-- \/ Yoast SEO plugin. -->","yoast_head_json":{"title":"Aviso legal - Cl\u00faster de Muntanya","robots":{"index":"index","follow":"follow","max-snippet":"max-snippet:-1","max-image-preview":"max-image-preview:large","max-video-preview":"max-video-preview:-1"},"canonical":"https:\/\/clusterdemuntanya.cat\/es\/aviso-legal\/","og_locale":"es_ES","og_type":"article","og_title":"Aviso legal - Cl\u00faster de Muntanya","og_description":"Aviso Legal Informaci\u00f3n de Conformidad con el art\u00edculo 10 de la LSSI La titular de esta web es: Identidad: ASOCIACI\u00d3N CLUSTER AGROALIMENTARIO DE PRODUCTOS T\u00cdPICOS DE MONTA\u00d1A NIF: G66351529 Direcci\u00f3n: Calle Serrat del Peric,11 \u00b7 08513 \u00b7 Prats de Llu\u00e7an\u00e8s (Barcelona) Correo electr\u00f3nico: info@clusterdemuntanya.cat Condiciones de uso El uso de este sitio web implica la [&hellip;]","og_url":"https:\/\/clusterdemuntanya.cat\/es\/aviso-legal\/","og_site_name":"Cl\u00faster de Muntanya","article_modified_time":"2024-09-10T18:32:37+00:00","twitter_card":"summary_large_image","twitter_misc":{"Tiempo de lectura":"2 minutos"},"schema":{"@context":"https:\/\/schema.org","@graph":[{"@type":"WebPage","@id":"https:\/\/clusterdemuntanya.cat\/es\/aviso-legal\/","url":"https:\/\/clusterdemuntanya.cat\/es\/aviso-legal\/","name":"Aviso legal - Cl\u00faster de Muntanya","isPartOf":{"@id":"https:\/\/clusterdemuntanya.cat\/es\/#website"},"datePublished":"2022-08-12T11:26:15+00:00","dateModified":"2024-09-10T18:32:37+00:00","breadcrumb":{"@id":"https:\/\/clusterdemuntanya.cat\/es\/aviso-legal\/#breadcrumb"},"inLanguage":"es","potentialAction":[{"@type":"ReadAction","target":["https:\/\/clusterdemuntanya.cat\/es\/aviso-legal\/"]}]},{"@type":"BreadcrumbList","@id":"https:\/\/clusterdemuntanya.cat\/es\/aviso-legal\/#breadcrumb","itemListElement":[{"@type":"ListItem","position":1,"name":"Inici","item":"https:\/\/clusterdemuntanya.cat\/es\/"},{"@type":"ListItem","position":2,"name":"Aviso legal"}]},{"@type":"WebSite","@id":"https:\/\/clusterdemuntanya.cat\/es\/#website","url":"https:\/\/clusterdemuntanya.cat\/es\/","name":"Cl\u00faster de Muntanya","description":"El Cl\u00faster Agroalimentari de Productes T\u00edpics de Muntanya","publisher":{"@id":"https:\/\/clusterdemuntanya.cat\/es\/#organization"},"potentialAction":[{"@type":"SearchAction","target":{"@type":"EntryPoint","urlTemplate":"https:\/\/clusterdemuntanya.cat\/es\/?s={search_term_string}"},"query-input":{"@type":"PropertyValueSpecification","valueRequired":true,"valueName":"search_term_string"}}],"inLanguage":"es"},{"@type":"Organization","@id":"https:\/\/clusterdemuntanya.cat\/es\/#organization","name":"Cl\u00faster de Muntanya","url":"https:\/\/clusterdemuntanya.cat\/es\/","logo":{"@type":"ImageObject","inLanguage":"es","@id":"https:\/\/clusterdemuntanya.cat\/es\/#\/schema\/logo\/image\/","url":"https:\/\/clusterdemuntanya.cat\/wp-content\/uploads\/2022\/07\/logo-cluster-de-muntanya-2-horitzontal-25.png","contentUrl":"https:\/\/clusterdemuntanya.cat\/wp-content\/uploads\/2022\/07\/logo-cluster-de-muntanya-2-horitzontal-25.png","width":1064,"height":298,"caption":"Cl\u00faster de Muntanya"},"image":{"@id":"https:\/\/clusterdemuntanya.cat\/es\/#\/schema\/logo\/image\/"}}]}},"_links":{"self":[{"href":"https:\/\/clusterdemuntanya.cat\/es\/wp-json\/wp\/v2\/pages\/1455","targetHints":{"allow":["GET"]}}],"collection":[{"href":"https:\/\/clusterdemuntanya.cat\/es\/wp-json\/wp\/v2\/pages"}],"about":[{"href":"https:\/\/clusterdemuntanya.cat\/es\/wp-json\/wp\/v2\/types\/page"}],"author":[{"embeddable":true,"href":"https:\/\/clusterdemuntanya.cat\/es\/wp-json\/wp\/v2\/users\/1"}],"replies":[{"embeddable":true,"href":"https:\/\/clusterdemuntanya.cat\/es\/wp-json\/wp\/v2\/comments?post=1455"}],"version-history":[{"count":1,"href":"https:\/\/clusterdemuntanya.cat\/es\/wp-json\/wp\/v2\/pages\/1455\/revisions"}],"predecessor-version":[{"id":1459,"href":"https:\/\/clusterdemuntanya.cat\/es\/wp-json\/wp\/v2\/pages\/1455\/revisions\/1459"}],"wp:attachment":[{"href":"https:\/\/clusterdemuntanya.cat\/es\/wp-json\/wp\/v2\/media?parent=1455"}],"curies":[{"name":"wp","href":"https:\/\/api.w.org\/{rel}","templated":true}]}}