{"id":1539,"date":"2022-08-12T13:24:59","date_gmt":"2022-08-12T11:24:59","guid":{"rendered":"https:\/\/clusterdemuntanya.cat\/politica-de-cookies\/"},"modified":"2024-09-10T20:37:13","modified_gmt":"2024-09-10T18:37:13","slug":"politica-de-cookies","status":"publish","type":"page","link":"https:\/\/clusterdemuntanya.cat\/es\/politica-de-cookies\/","title":{"rendered":"Pol\u00edtica de cookies"},"content":{"rendered":"\t\t<div data-elementor-type=\"wp-page\" data-elementor-id=\"1539\" class=\"elementor elementor-1539 elementor-358\" data-elementor-post-type=\"page\">\n\t\t\t\t\t\t<section class=\"elementor-section elementor-top-section elementor-element elementor-element-f789cbd elementor-section-boxed elementor-section-height-default elementor-section-height-default\" data-id=\"f789cbd\" data-element_type=\"section\" data-e-type=\"section\">\n\t\t\t\t\t\t<div class=\"elementor-container elementor-column-gap-default\">\n\t\t\t\t\t<div class=\"elementor-column elementor-col-100 elementor-top-column elementor-element elementor-element-3edccc7\" data-id=\"3edccc7\" data-element_type=\"column\" data-e-type=\"column\">\n\t\t\t<div class=\"elementor-widget-wrap elementor-element-populated\">\n\t\t\t\t\t\t<div class=\"elementor-element elementor-element-96ab9f4 elementor-widget elementor-widget-spacer\" data-id=\"96ab9f4\" data-element_type=\"widget\" data-e-type=\"widget\" data-widget_type=\"spacer.default\">\n\t\t\t\t<div class=\"elementor-widget-container\">\n\t\t\t\t\t\t\t<div class=\"elementor-spacer\">\n\t\t\t<div class=\"elementor-spacer-inner\"><\/div>\n\t\t<\/div>\n\t\t\t\t\t\t<\/div>\n\t\t\t\t<\/div>\n\t\t\t\t<div class=\"elementor-element elementor-element-5779f79 elementor-widget elementor-widget-heading\" data-id=\"5779f79\" data-element_type=\"widget\" data-e-type=\"widget\" data-widget_type=\"heading.default\">\n\t\t\t\t<div class=\"elementor-widget-container\">\n\t\t\t\t\t<h2 class=\"elementor-heading-title elementor-size-default\">Pol\u00edtica de cookies<\/h2>\t\t\t\t<\/div>\n\t\t\t\t<\/div>\n\t\t\t\t<div class=\"elementor-element elementor-element-9c28540 elementor-widget elementor-widget-text-editor\" data-id=\"9c28540\" data-element_type=\"widget\" data-e-type=\"widget\" data-widget_type=\"text-editor.default\">\n\t\t\t\t<div class=\"elementor-widget-container\">\n\t\t\t\t\t\t\t\t\t<p class=\"p3\">El<span class=\"Apple-converted-space\">  <\/span>nuestro sitio web utiliza una tecnolog\u00eda llamada \u201ccookie\u201d, con el fin de poder obtener informaci\u00f3n sobre el uso del sitio web, mejorar la experiencia del usuario y garantizar su correcto funcionamiento.<\/p>\n<p class=\"p3\"><b>Definici\u00f3n de Cookie<\/b><\/p>\n<p class=\"p3\">Una \u201ccookie\u201d es un peque\u00f1o fragmento de texto que los sitios web env\u00edan al navegador y que se almacenan en el terminal del usuario, (ordenador o dispositivo m\u00f3vil). Estos archivos tienen la finalidad de almacenar datos que podr\u00e1n ser actualizados y recuperados por la entidad responsable de su instalaci\u00f3n. As\u00ed, cada vez que el usuario vuelve a visitar el mismo sitio web, el explorador recupera el archivo y lo env\u00eda al servidor del sitio web. Las cookies tienen diversas funciones entre las que se incluyen, la de recoger informaci\u00f3n sobre las preferencias del usuario y recordarla, y en general, facilitar el uso del sitio web al usuario haciendo que el sitio sea m\u00e1s \u00fatil al personalizar su contenido.   <\/p>\n<p class=\"p3\">Las cookies se pueden clasificar en base a distintos par\u00e1metros:<\/p>\n<p class=\"p3\">1.- <b>Titularidad:<\/b> cookies propias y cookies de terceros: dependiendo de cu\u00e1l sea la entidad que gestione el dominio desde donde se env\u00edan las cookies y se traten los datos que se obtengan.<\/p>\n<p class=\"p3\">2.- <b>Duraci\u00f3n:<\/b> cookies de sesi\u00f3n y cookies persistentes: de acuerdo con el plazo de tiempo que permanecen almacenadas en el terminal del usuario.<\/p>\n<p class=\"p3\">3.- <b>Finalidad:<\/b> cookies<span class=\"Apple-converted-space\">  <\/span>t\u00e9cnicas, cookies de personalizaci\u00f3n, cookies de an\u00e1lisis, cookies publicitarias, cookies de publicidad comportamental: de acuerdo con la finalidad para la que se traten los datos obtenidos.<\/p>\n<p class=\"p3\"><b>Cookies t\u00e9cnicas:<\/b> Son aqu\u00e9llas que permiten al usuario la navegaci\u00f3n a trav\u00e9s de la p\u00e1gina web o aplicaci\u00f3n y la utilizaci\u00f3n de las diferentes opciones o servicios que en ella existen. Por ejemplo, controlar el tr\u00e1fico y la comunicaci\u00f3n de datos, identificar la sesi\u00f3n o acceder a las partes web de acceso restringido. <\/p>\n<p class=\"p3\"><b>Cookies de personalizaci\u00f3n:<\/b> Son aquellas que permiten al usuario acceder al servicio con algunas caracter\u00edsticas de car\u00e1cter general predefinidas en su terminal o que el propio usuario defina. Por ejemplo, el idioma, el tipo de navegador a trav\u00e9s del cual accede al servicio o dise\u00f1o de contenidos seleccionado. <\/p>\n<p class=\"p3\"><b>Cookies de an\u00e1lisis:<\/b> Son aquellas que o bien tratadas por nosotros o por terceros, nos permiten cuantificar el n\u00famero de usuarios y as\u00ed realizar el an\u00e1lisis estad\u00edstico de la utilizaci\u00f3n que realizan los usuarios del servicio ofrecido. Por eso se analiza su navegaci\u00f3n en nuestra p\u00e1gina web para mejorar la oferta de productos o servicios que le ofrecemos. <\/p>\n<p class=\"p3\"><b>Cookies publicitarias:<\/b> Son aquellas que permiten la gesti\u00f3n, de la forma m\u00e1s eficaz posible, de los espacios publicitarios que, en su caso, el editor haya incluido en una p\u00e1gina web, aplicaci\u00f3n o plataforma desde la que presta el servicio solicitado sobre la misma base de criterios como el contenido editado o la frecuencia en la que se muestran los anuncios.<\/p>\n<p class=\"p3\"><b>Cookies de publicidad comportamental:<\/b> Son aquellas que permiten la gesti\u00f3n, de la forma m\u00e1s eficaz posible, de los espacios publicitarios que, en su caso, el editor haya incluido en una p\u00e1gina web, aplicaci\u00f3n o plataforma desde la que presta el servicio solicitado . Estas cookies almacenan informaci\u00f3n del comportamiento de los usuarios obtenida a trav\u00e9s de la observaci\u00f3n continua de sus h\u00e1bitos de navegaci\u00f3n, lo que permite desarrollar un perfil espec\u00edfico para mostrar publicidad en funci\u00f3n del mismo. <\/p>\n<p class=\"p2\"><span class=\"Apple-converted-space\"> <\/span><\/p>\n<p class=\"p3\"><b>Cookies utilizadas en nuestro sitio web<\/b><\/p>\n<p class=\"p3\">Nuestro sitio web utiliza tanto cookies propias, que son las enviadas a su ordenador y gestionadas exclusivamente por nosotros para el mejor funcionamiento del sitio web, como cookies de terceros, con la funci\u00f3n de servir para la interacci\u00f3n de los usuarios con nosotros.<\/p>\n<p class=\"p3\">Nuestro sitio web utiliza tanto cookies temporales de sesi\u00f3n como cookies persistentes. Las cookies de sesi\u00f3n almacenan datos \u00fanicamente mientras el usuario accede a la web y las cookies persistentes almacenan los datos en el terminal para que sean accedidas y utilizadas en m\u00e1s de una sesi\u00f3n. <\/p>\n<p class=\"p3\">Concretamente, las cookies que precisan de consentimiento<span class=\"Apple-converted-space\">  <\/span>utilizadas en nuestro sitio web son:<\/p>\n<p class=\"p3\"><b>Consentimiento<\/b><\/p>\n<p class=\"p3\">El consentimiento para<span class=\"Apple-converted-space\">  <\/span>el uso de las cookies antes enunciadas, por los plazos se\u00f1alados y en las condiciones contenidas en la presente Pol\u00edtica de Cookies, se obtendr\u00e1 con la aceptaci\u00f3n del aviso inicial de informaci\u00f3n sobre las cookies que se visualizan en el momento en que carga nuestra web.<br \/><span class=\"Apple-converted-space\"> <\/span><\/p>\n<p class=\"p3\"><b>Retirada del consentimiento<\/b><\/p>\n<p class=\"p3\">El usuario podr\u00e1 retirar en cualquier momento su consentimiento relacionado con esta Pol\u00edtica de Cookies, por lo que deber\u00e1 eliminar las cookies almacenadas en su equipo utilizando los ajustes y configuraciones de su navegador de Internet.<\/p>\n<p class=\"p2\"><span class=\"Apple-converted-space\"> <\/span><\/p>\n<p class=\"p3\"><b>Tablero de configuraci\u00f3n de las cookies<\/b><\/p>\n<p class=\"p3\"><b>\u00bfC\u00f3mo deshabilitar las cookies en los principales navegadores?<\/b><\/p>\n<p class=\"p3\">Aunque puede variar ligeramente de una versi\u00f3n de navegador a otra, la configuraci\u00f3n de la pol\u00edtica de cookies para los navegadores m\u00e1s utilizados es la siguiente:<\/p>\n<p class=\"p3\"><b>Internet Explorer:<\/b> Herramientas -&gt; Opciones de Internet -&gt; Privacidad -&gt; Configuraci\u00f3n.<\/p>\n<p class=\"p3\"><b>Firefox:<\/b> Herramientas -&gt; Opciones -&gt; Privacidad -&gt; Hist\u00f3rico -&gt; Configuraci\u00f3n Personalizada.<\/p>\n<p class=\"p3\"><b>Chrome:<\/b> Configuraci\u00f3n -&gt; Muestra opciones avanzadas -&gt; Privacidad -&gt; Configuraci\u00f3n de contenido.<\/p>\n<p class=\"p3\"><b>Safari:<\/b> Preferencias -&gt; Seguridad.<\/p>\n<p class=\"p3\"><b>Opera:<\/b> Configuraci\u00f3n -&gt; Privacidad y seguridad.<\/p>\n<p class=\"p3\">Para m\u00e1s informaci\u00f3n, puede consultar el soporte o la ayuda de su navegador oa trav\u00e9s de los siguientes enlaces: <span style=\"color: #99cc00;\"><a style=\"color: #99cc00;\" href=\"https:\/\/support.apple.com\/ca-es\/guide\/safari\/sfri11471\/mac\"><span class=\"s2\">Safari<\/span><\/a> , <a style=\"color: #99cc00;\" href=\"https:\/\/support.google.com\/accounts\/answer\/61416?hl=es&amp;co=GENIE.Platform=Desktop\"><span class=\"s2\">Chrome<\/span><\/a> , <a style=\"color: #99cc00;\" href=\"https:\/\/support.mozilla.org\/en-US\/questions\/1287973\"><span class=\"s2\">Firefox<\/span><\/a> , <a style=\"color: #99cc00;\" href=\"https:\/\/support.microsoft.com\/es-es\/windows\/eliminar-y-administrar-cookies-168dab11-0753-043d-7c16-ede5947fc64d\"><span class=\"s2\">Explorer<\/span><\/a> ,<\/span> <a href=\"https:\/\/blogs.opera.com\/news\/2015\/08\/how-to-manage-cookies-in-opera\/\"><span class=\"s2\"><span style=\"color: #99cc00;\">Opera<\/span><\/span><\/a> .<span class=\"Apple-converted-space\"> <\/span><\/p>\n<p class=\"p3\">Adem\u00e1s, tambi\u00e9n puede gestionar el almac\u00e9n de cookies en su navegador a trav\u00e9s de herramientas como las siguientes:<\/p>\n<p class=\"p3\">Your <a href=\"https:\/\/www.youronlinechoices.com\/es\/\"><span class=\"s2\"><span style=\"color: #99cc00;\">online<\/span><\/span><\/a> choices<\/p>\n<p class=\"p4\"><span style=\"color: #99cc00;\"><span class=\"s3\"><a style=\"color: #99cc00;\" href=\"https:\/\/www.ghostery.com\/\">Ghostery<\/a><\/span><span class=\"s4\"><span class=\"Apple-converted-space\"> <\/span><\/span><\/span><\/p>\n<p class=\"p3\"><b>Actualizaci\u00f3n de la pol\u00edtica de cookies<\/b><\/p>\n<p class=\"p3\">Este sitio web puede modificar esta Pol\u00edtica sobre Cookies, por eso le recomendamos revisar esta pol\u00edtica cada vez que acceda a nuestro sitio web para estar adecuadamente informado sobre el uso que hacemos de las cookies.<\/p>\n<p class=\"p2\"><span class=\"Apple-converted-space\"> <\/span><\/p>\n<p class=\"p3\">Fecha de la \u00faltima actualizaci\u00f3n: Agosto 2022<\/p>\n\t\t\t\t\t\t\t\t<\/div>\n\t\t\t\t<\/div>\n\t\t\t\t\t<\/div>\n\t\t<\/div>\n\t\t\t\t\t<\/div>\n\t\t<\/section>\n\t\t\t\t<\/div>\n\t\t","protected":false},"excerpt":{"rendered":"<p>Pol\u00edtica de cookies El nuestro sitio web utiliza una tecnolog\u00eda llamada \u201ccookie\u201d, con el fin de poder obtener informaci\u00f3n sobre el uso del sitio web, mejorar la experiencia del usuario y garantizar su correcto funcionamiento. Definici\u00f3n de Cookie Una \u201ccookie\u201d es un peque\u00f1o fragmento de texto que los sitios web env\u00edan al navegador y que [&hellip;]<\/p>\n","protected":false},"author":1,"featured_media":0,"parent":0,"menu_order":0,"comment_status":"closed","ping_status":"closed","template":"","meta":{"footnotes":""},"class_list":["post-1539","page","type-page","status-publish","hentry"],"yoast_head":"<!-- This site is optimized with the Yoast SEO plugin v27.4 - https:\/\/yoast.com\/product\/yoast-seo-wordpress\/ -->\n<title>Pol\u00edtica de cookies - Cl\u00faster de Muntanya<\/title>\n<meta name=\"robots\" content=\"index, follow, max-snippet:-1, max-image-preview:large, max-video-preview:-1\" \/>\n<link rel=\"canonical\" href=\"https:\/\/clusterdemuntanya.cat\/es\/politica-de-cookies\/\" \/>\n<meta property=\"og:locale\" content=\"es_ES\" \/>\n<meta property=\"og:type\" content=\"article\" \/>\n<meta property=\"og:title\" content=\"Pol\u00edtica de cookies - Cl\u00faster de Muntanya\" \/>\n<meta property=\"og:description\" content=\"Pol\u00edtica de cookies El nuestro sitio web utiliza una tecnolog\u00eda llamada \u201ccookie\u201d, con el fin de poder obtener informaci\u00f3n sobre el uso del sitio web, mejorar la experiencia del usuario y garantizar su correcto funcionamiento. Definici\u00f3n de Cookie Una \u201ccookie\u201d es un peque\u00f1o fragmento de texto que los sitios web env\u00edan al navegador y que [&hellip;]\" \/>\n<meta property=\"og:url\" content=\"https:\/\/clusterdemuntanya.cat\/es\/politica-de-cookies\/\" \/>\n<meta property=\"og:site_name\" content=\"Cl\u00faster de Muntanya\" \/>\n<meta property=\"article:modified_time\" content=\"2024-09-10T18:37:13+00:00\" \/>\n<meta name=\"twitter:card\" content=\"summary_large_image\" \/>\n<meta name=\"twitter:label1\" content=\"Tiempo de lectura\" \/>\n\t<meta name=\"twitter:data1\" content=\"5 minutos\" \/>\n<script type=\"application\/ld+json\" class=\"yoast-schema-graph\">{\"@context\":\"https:\\\/\\\/schema.org\",\"@graph\":[{\"@type\":\"WebPage\",\"@id\":\"https:\\\/\\\/clusterdemuntanya.cat\\\/es\\\/politica-de-cookies\\\/\",\"url\":\"https:\\\/\\\/clusterdemuntanya.cat\\\/es\\\/politica-de-cookies\\\/\",\"name\":\"Pol\u00edtica de cookies - Cl\u00faster de Muntanya\",\"isPartOf\":{\"@id\":\"https:\\\/\\\/clusterdemuntanya.cat\\\/es\\\/#website\"},\"datePublished\":\"2022-08-12T11:24:59+00:00\",\"dateModified\":\"2024-09-10T18:37:13+00:00\",\"breadcrumb\":{\"@id\":\"https:\\\/\\\/clusterdemuntanya.cat\\\/es\\\/politica-de-cookies\\\/#breadcrumb\"},\"inLanguage\":\"es\",\"potentialAction\":[{\"@type\":\"ReadAction\",\"target\":[\"https:\\\/\\\/clusterdemuntanya.cat\\\/es\\\/politica-de-cookies\\\/\"]}]},{\"@type\":\"BreadcrumbList\",\"@id\":\"https:\\\/\\\/clusterdemuntanya.cat\\\/es\\\/politica-de-cookies\\\/#breadcrumb\",\"itemListElement\":[{\"@type\":\"ListItem\",\"position\":1,\"name\":\"Inici\",\"item\":\"https:\\\/\\\/clusterdemuntanya.cat\\\/es\\\/\"},{\"@type\":\"ListItem\",\"position\":2,\"name\":\"Pol\u00edtica de cookies\"}]},{\"@type\":\"WebSite\",\"@id\":\"https:\\\/\\\/clusterdemuntanya.cat\\\/es\\\/#website\",\"url\":\"https:\\\/\\\/clusterdemuntanya.cat\\\/es\\\/\",\"name\":\"Cl\u00faster de Muntanya\",\"description\":\"El Cl\u00faster Agroalimentari de Productes T\u00edpics de Muntanya\",\"publisher\":{\"@id\":\"https:\\\/\\\/clusterdemuntanya.cat\\\/es\\\/#organization\"},\"potentialAction\":[{\"@type\":\"SearchAction\",\"target\":{\"@type\":\"EntryPoint\",\"urlTemplate\":\"https:\\\/\\\/clusterdemuntanya.cat\\\/es\\\/?s={search_term_string}\"},\"query-input\":{\"@type\":\"PropertyValueSpecification\",\"valueRequired\":true,\"valueName\":\"search_term_string\"}}],\"inLanguage\":\"es\"},{\"@type\":\"Organization\",\"@id\":\"https:\\\/\\\/clusterdemuntanya.cat\\\/es\\\/#organization\",\"name\":\"Cl\u00faster de Muntanya\",\"url\":\"https:\\\/\\\/clusterdemuntanya.cat\\\/es\\\/\",\"logo\":{\"@type\":\"ImageObject\",\"inLanguage\":\"es\",\"@id\":\"https:\\\/\\\/clusterdemuntanya.cat\\\/es\\\/#\\\/schema\\\/logo\\\/image\\\/\",\"url\":\"https:\\\/\\\/clusterdemuntanya.cat\\\/wp-content\\\/uploads\\\/2022\\\/07\\\/logo-cluster-de-muntanya-2-horitzontal-25.png\",\"contentUrl\":\"https:\\\/\\\/clusterdemuntanya.cat\\\/wp-content\\\/uploads\\\/2022\\\/07\\\/logo-cluster-de-muntanya-2-horitzontal-25.png\",\"width\":1064,\"height\":298,\"caption\":\"Cl\u00faster de Muntanya\"},\"image\":{\"@id\":\"https:\\\/\\\/clusterdemuntanya.cat\\\/es\\\/#\\\/schema\\\/logo\\\/image\\\/\"}}]}<\/script>\n<!-- \/ Yoast SEO plugin. -->","yoast_head_json":{"title":"Pol\u00edtica de cookies - Cl\u00faster de Muntanya","robots":{"index":"index","follow":"follow","max-snippet":"max-snippet:-1","max-image-preview":"max-image-preview:large","max-video-preview":"max-video-preview:-1"},"canonical":"https:\/\/clusterdemuntanya.cat\/es\/politica-de-cookies\/","og_locale":"es_ES","og_type":"article","og_title":"Pol\u00edtica de cookies - Cl\u00faster de Muntanya","og_description":"Pol\u00edtica de cookies El nuestro sitio web utiliza una tecnolog\u00eda llamada \u201ccookie\u201d, con el fin de poder obtener informaci\u00f3n sobre el uso del sitio web, mejorar la experiencia del usuario y garantizar su correcto funcionamiento. Definici\u00f3n de Cookie Una \u201ccookie\u201d es un peque\u00f1o fragmento de texto que los sitios web env\u00edan al navegador y que [&hellip;]","og_url":"https:\/\/clusterdemuntanya.cat\/es\/politica-de-cookies\/","og_site_name":"Cl\u00faster de Muntanya","article_modified_time":"2024-09-10T18:37:13+00:00","twitter_card":"summary_large_image","twitter_misc":{"Tiempo de lectura":"5 minutos"},"schema":{"@context":"https:\/\/schema.org","@graph":[{"@type":"WebPage","@id":"https:\/\/clusterdemuntanya.cat\/es\/politica-de-cookies\/","url":"https:\/\/clusterdemuntanya.cat\/es\/politica-de-cookies\/","name":"Pol\u00edtica de cookies - Cl\u00faster de Muntanya","isPartOf":{"@id":"https:\/\/clusterdemuntanya.cat\/es\/#website"},"datePublished":"2022-08-12T11:24:59+00:00","dateModified":"2024-09-10T18:37:13+00:00","breadcrumb":{"@id":"https:\/\/clusterdemuntanya.cat\/es\/politica-de-cookies\/#breadcrumb"},"inLanguage":"es","potentialAction":[{"@type":"ReadAction","target":["https:\/\/clusterdemuntanya.cat\/es\/politica-de-cookies\/"]}]},{"@type":"BreadcrumbList","@id":"https:\/\/clusterdemuntanya.cat\/es\/politica-de-cookies\/#breadcrumb","itemListElement":[{"@type":"ListItem","position":1,"name":"Inici","item":"https:\/\/clusterdemuntanya.cat\/es\/"},{"@type":"ListItem","position":2,"name":"Pol\u00edtica de cookies"}]},{"@type":"WebSite","@id":"https:\/\/clusterdemuntanya.cat\/es\/#website","url":"https:\/\/clusterdemuntanya.cat\/es\/","name":"Cl\u00faster de Muntanya","description":"El Cl\u00faster Agroalimentari de Productes T\u00edpics de Muntanya","publisher":{"@id":"https:\/\/clusterdemuntanya.cat\/es\/#organization"},"potentialAction":[{"@type":"SearchAction","target":{"@type":"EntryPoint","urlTemplate":"https:\/\/clusterdemuntanya.cat\/es\/?s={search_term_string}"},"query-input":{"@type":"PropertyValueSpecification","valueRequired":true,"valueName":"search_term_string"}}],"inLanguage":"es"},{"@type":"Organization","@id":"https:\/\/clusterdemuntanya.cat\/es\/#organization","name":"Cl\u00faster de Muntanya","url":"https:\/\/clusterdemuntanya.cat\/es\/","logo":{"@type":"ImageObject","inLanguage":"es","@id":"https:\/\/clusterdemuntanya.cat\/es\/#\/schema\/logo\/image\/","url":"https:\/\/clusterdemuntanya.cat\/wp-content\/uploads\/2022\/07\/logo-cluster-de-muntanya-2-horitzontal-25.png","contentUrl":"https:\/\/clusterdemuntanya.cat\/wp-content\/uploads\/2022\/07\/logo-cluster-de-muntanya-2-horitzontal-25.png","width":1064,"height":298,"caption":"Cl\u00faster de Muntanya"},"image":{"@id":"https:\/\/clusterdemuntanya.cat\/es\/#\/schema\/logo\/image\/"}}]}},"_links":{"self":[{"href":"https:\/\/clusterdemuntanya.cat\/es\/wp-json\/wp\/v2\/pages\/1539","targetHints":{"allow":["GET"]}}],"collection":[{"href":"https:\/\/clusterdemuntanya.cat\/es\/wp-json\/wp\/v2\/pages"}],"about":[{"href":"https:\/\/clusterdemuntanya.cat\/es\/wp-json\/wp\/v2\/types\/page"}],"author":[{"embeddable":true,"href":"https:\/\/clusterdemuntanya.cat\/es\/wp-json\/wp\/v2\/users\/1"}],"replies":[{"embeddable":true,"href":"https:\/\/clusterdemuntanya.cat\/es\/wp-json\/wp\/v2\/comments?post=1539"}],"version-history":[{"count":1,"href":"https:\/\/clusterdemuntanya.cat\/es\/wp-json\/wp\/v2\/pages\/1539\/revisions"}],"predecessor-version":[{"id":1542,"href":"https:\/\/clusterdemuntanya.cat\/es\/wp-json\/wp\/v2\/pages\/1539\/revisions\/1542"}],"wp:attachment":[{"href":"https:\/\/clusterdemuntanya.cat\/es\/wp-json\/wp\/v2\/media?parent=1539"}],"curies":[{"name":"wp","href":"https:\/\/api.w.org\/{rel}","templated":true}]}}