{"id":1554,"date":"2022-07-04T14:56:03","date_gmt":"2022-07-04T12:56:03","guid":{"rendered":"https:\/\/clusterdemuntanya.cat\/politica-de-privacidad\/"},"modified":"2024-09-10T20:37:14","modified_gmt":"2024-09-10T18:37:14","slug":"politica-de-privacidad","status":"publish","type":"page","link":"https:\/\/clusterdemuntanya.cat\/es\/politica-de-privacidad\/","title":{"rendered":"Pol\u00edtica de privacidad"},"content":{"rendered":"\t\t<div data-elementor-type=\"wp-page\" data-elementor-id=\"1554\" class=\"elementor elementor-1554 elementor-3\" data-elementor-post-type=\"page\">\n\t\t\t\t\t\t<section class=\"elementor-section elementor-top-section elementor-element elementor-element-29c9168 elementor-section-boxed elementor-section-height-default elementor-section-height-default\" data-id=\"29c9168\" data-element_type=\"section\" data-e-type=\"section\">\n\t\t\t\t\t\t<div class=\"elementor-container elementor-column-gap-default\">\n\t\t\t\t\t<div class=\"elementor-column elementor-col-100 elementor-top-column elementor-element elementor-element-4f458c00\" data-id=\"4f458c00\" data-element_type=\"column\" data-e-type=\"column\">\n\t\t\t<div class=\"elementor-widget-wrap elementor-element-populated\">\n\t\t\t\t\t\t<div class=\"elementor-element elementor-element-e686333 elementor-widget elementor-widget-spacer\" data-id=\"e686333\" data-element_type=\"widget\" data-e-type=\"widget\" data-widget_type=\"spacer.default\">\n\t\t\t\t<div class=\"elementor-widget-container\">\n\t\t\t\t\t\t\t<div class=\"elementor-spacer\">\n\t\t\t<div class=\"elementor-spacer-inner\"><\/div>\n\t\t<\/div>\n\t\t\t\t\t\t<\/div>\n\t\t\t\t<\/div>\n\t\t\t\t<div class=\"elementor-element elementor-element-54e585c elementor-widget elementor-widget-heading\" data-id=\"54e585c\" data-element_type=\"widget\" data-e-type=\"widget\" data-widget_type=\"heading.default\">\n\t\t\t\t<div class=\"elementor-widget-container\">\n\t\t\t\t\t<h2 class=\"elementor-heading-title elementor-size-default\">Pol\u00edtica de privacidad<\/h2>\t\t\t\t<\/div>\n\t\t\t\t<\/div>\n\t\t\t\t<div class=\"elementor-element elementor-element-a93ec91 elementor-widget elementor-widget-text-editor\" data-id=\"a93ec91\" data-element_type=\"widget\" data-e-type=\"widget\" data-widget_type=\"text-editor.default\">\n\t\t\t\t<div class=\"elementor-widget-container\">\n\t\t\t\t\t\t\t\t\t<p class=\"p3\">Versi\u00f3n:<span class=\"Apple-converted-space\">  <\/span>10 de agosto de 2022<br><br><\/p>\n<p class=\"p3\">LA ASOCIACI\u00d3N CLUSTER AGROALIMENTARIO DE PRODUCTOS T\u00cdPICOS DE MONTA\u00d1A se compromete a proteger la privacidad de los usuarios que accedan a esta web y\/o cualquiera de sus servicios. La utilizaci\u00f3n de la web y\/o de cualquiera de los servicios ofrecidos por la ASOCIACI\u00d3N CLUSTER AGROALIMENTARIO DE PRODUCTOS T\u00cdPICOS DE MONTA\u00d1A implica la aceptaci\u00f3n por el usuario de las disposiciones contenidas en la presente Pol\u00edtica de Privacidad y que sus datos personales sean tratados seg\u00fan se estipula en ella. Por favor, tenga en cuenta que aunque pueda haber enlaces de nuestra web a otras webs, esta Pol\u00edtica de Privacidad no se aplica a las webs de otras compa\u00f1\u00edas u organizaciones a las que la web est\u00e9 redirigida. La ASOCIACI\u00d3N CLUSTER AGROALIMENTARIO DE PRODUCTOS T\u00cdPICOS DE MONTA\u00d1A no controla el contenido de las webs de terceros ni acepta cualquier responsabilidad por el contenido o las pol\u00edticas de privacidad de estas webs.   <\/p>\n<p class=\"p2\"><span class=\"Apple-converted-space\"> <\/span><\/p>\n<p class=\"p3\"><b>Informaci\u00f3n sobre el tratamiento de datos (Reglamento (UE) 2016\/679 y LO 3\/2018)<\/b><\/p>\n<p class=\"p3\">Responsable del tratamiento<\/p>\n<p class=\"p3\">Identidad: ASOCIACI\u00d3N CLUSTER AGROALIMENTARIO DE PRODUCTOS T\u00cdPICOS DE MONTA\u00d1A<\/p>\n<p class=\"p3\">NIF: G66351529<\/p>\n<p class=\"p3\">Direcci\u00f3n: Calle Serrat del Peric,11 \u00b7 08513 \u00b7 Prats de Llu\u00e7an\u00e8s (Barcelona)<\/p>\n<p class=\"p3\">Correo electr\u00f3nico: info@clusterdemuntanya.cat<\/p>\n<p class=\"p3\"><b>Finalidad del tratamiento<\/b><\/p>\n<p class=\"p3\">Ofrecer y gestionar la informaci\u00f3n vinculada a la labor y actividades que son propias de la ASOCIACI\u00d3N CLUSTER AGROALIMENTARIO DE PRODUCTOS T\u00cdPICOS DE MONTA\u00d1A.<\/p>\n<p class=\"p3\"><b>Legitimaci\u00f3n<\/b><\/p>\n<p class=\"p3\">Consentimiento obtenido del interesado.<\/p>\n<p class=\"p3\"><b>Destinatarios<\/b><\/p>\n<p class=\"p3\">Los datos no ser\u00e1n comunicados a terceros, salvo que lo exija una ley o sea necesario para cumplir con la finalidad del tratamiento o que expl\u00edcitamente se d\u00e9 el consentimiento para que los socios de la ASOCIACI\u00d3N CLUSTER AGROALIMENTARIO DE PRODUCTOS T\u00cdPICOS DE MONTA\u00d1A le puedan enviar informaci\u00f3n.<\/p>\n<p class=\"p3\"><b>Derechos de las personas<\/b><\/p>\n<p class=\"p3\">Los interesados \u200b\u200btienen derecho a ejercitar los derechos de acceso, rectificaci\u00f3n, limitaci\u00f3n de tratamiento, supresi\u00f3n, portabilidad y oposici\u00f3n, enviando su solicitud a nuestra direcci\u00f3n.<\/p>\n<p class=\"p3\"><b>Plazo de conservaci\u00f3n de los datos<\/b><\/p>\n<p class=\"p3\">En tanto no se revoque la autorizaci\u00f3n por parte del interesado o durante los a\u00f1os necesarios para cumplir con las obligaciones legales.<\/p>\n<p class=\"p3\"><b>Reclamaci\u00f3n<\/b><\/p>\n<p class=\"p3\">Los interesados \u200b\u200bpueden dirigirse a la AEPD para presentar la reclamaci\u00f3n que considere oportuna.<\/p>\n<p class=\"p3\"><b>Informaci\u00f3n adicional<\/b><\/p>\n<p class=\"p3\">Puede consultar la informaci\u00f3n adicional y detallada a continuaci\u00f3n en las \u201cCuestiones sobre privacidad\u201d.<\/p>\n<p class=\"p2\"><span class=\"Apple-converted-space\"> <\/span><\/p>\n<p class=\"p3\"><b>Cuestiones sobre privacidad<\/b><\/p>\n<p class=\"p3\">En cumplimiento del Reglamento (UE) 2016\/679 del Parlamento Europeo y del Consejo, de 27 de abril de 2016, (RGPD) y la Ley Org\u00e1nica 3\/2018, de 5 de diciembre, de Protecci\u00f3n de Datos Personales y garant\u00eda de los derechos digitales (LOPDGDD), le ofrecemos la siguiente informaci\u00f3n sobre el tratamiento de sus datos personales:<\/p>\n<p class=\"p2\"><span class=\"Apple-converted-space\"> <\/span><\/p>\n<p class=\"p3\"><b>\u00bfQui\u00e9n es el responsable del tratamiento de sus datos?<\/b><\/p>\n<p class=\"p3\">Identidad: ASOCIACI\u00d3N CLUSTER AGROALIMENTARIO DE PRODUCTOS T\u00cdPICOS DE MONTA\u00d1A<\/p>\n<p class=\"p3\">NIF: G66351529<\/p>\n<p class=\"p3\">Direcci\u00f3n: Calle Serrat del Peric,11 \u00b7 08513 \u00b7 Prats de Llu\u00e7an\u00e8s (Barcelona)<\/p>\n<p class=\"p3\">Correo electr\u00f3nico: info@clusterdemuntanya.cat<\/p>\n<p class=\"p3\"><b>\u00bfCon qu\u00e9 finalidad tratamos sus datos personales?<\/b><\/p>\n<p class=\"p3\">Tratamos la informaci\u00f3n que se nos facilita para ofrecer y gestionar la informaci\u00f3n vinculada a la actividad de la ASOCIACI\u00d3N CLUSTER AGROALIMENTARIO DE PRODUCTOS T\u00cdPICOS DE MONTA\u00d1A y de sus socios y colaboradores. En caso de que se ponga en contacto con nosotros mediante el formulario de contacto de nuestra p\u00e1gina web, las trataremos para gestionar su consulta. <\/p>\n<p class=\"p3\">Si nos env\u00eda un curr\u00edculum, trataremos los datos con el fin de gestionar la base de CV para la selecci\u00f3n de personal.<\/p>\n<p class=\"p2\"><span class=\"Apple-converted-space\"> <\/span><\/p>\n<p class=\"p3\"><b>\u00bfPor cu\u00e1nto tiempo conservaremos sus datos?<\/b><\/p>\n<p class=\"p3\">Los datos personales proporcionados se conservar\u00e1n mientras sea usuario de nuestros servicios o quieran recibir informaci\u00f3n, dado que puede oponerse al tratamiento de sus datos con fines promocionales en cualquier momento, y despu\u00e9s, durante los plazos establecidos para cumplir con nuestras obligaciones legales, que en el caso documentaci\u00f3n contable y fiscal a efectos mercantiles ser\u00e1n 6 a\u00f1os, de conformidad con el art. 30 del C\u00f3digo Comercio, ya efectos fiscales ser\u00e1n 4 a\u00f1os, de acuerdo con los art\u00edculos 66 a 70 de la Ley General Tributaria. <\/p>\n<p class=\"p3\">En el caso de los curr\u00edculums, los datos se conservar\u00e1n durante un a\u00f1o.<\/p>\n<p class=\"p2\"><span class=\"Apple-converted-space\"> <\/span><\/p>\n<p class=\"p3\"><b>\u00bfCu\u00e1l es la legitimaci\u00f3n para el tratamiento de sus datos?<\/b><\/p>\n<p class=\"p3\">La legitimaci\u00f3n para su tratamiento se encuentra en la ejecuci\u00f3n del contrato de servicios y en los consentimientos que nos da.<\/p>\n<p class=\"p2\"><span class=\"Apple-converted-space\"> <\/span><\/p>\n<p class=\"p3\"><b>\u00bfA qu\u00e9 destinatarios se comunicar\u00e1n sus datos?<\/b><\/p>\n<p class=\"p3\">Los datos no ser\u00e1n comunicados a terceros, salvo que lo exija una ley o sea necesario para cumplir con la finalidad del tratamiento o que expl\u00edcitamente se d\u00e9 el consentimiento para que otras entidades de la ASOCIACI\u00d3N CLUSTER AGROALIMENTARIO DE PRODUCTOS T\u00cdPICOS DE MONTA\u00d1A le puedan enviar informaci\u00f3n.<\/p>\n<p class=\"p2\"><span class=\"Apple-converted-space\"> <\/span><\/p>\n<p class=\"p3\">Si nos da su consentimiento para enviarle informaci\u00f3n sobre nuestras actividades y servicios, le informamos que los env\u00edos realizados por correo electr\u00f3nico se har\u00e1n con el servicio Mailerlite, que proporciona la empresa Vercom SA ubicada en Polonia. Esta empresa se rige por la normativa europea existente en relaci\u00f3n con el uso y protecci\u00f3n de datos. El env\u00edo de informaci\u00f3n comercial con esta aplicaci\u00f3n nos permite realizar un seguimiento mediante balizas web (web beacons), para determinar la atenci\u00f3n que reciben nuestras  <span class=\"Apple-converted-space\">  <\/span>campa\u00f1as.<span class=\"Apple-converted-space\"> <\/span><\/p>\n<p class=\"p2\"><span class=\"Apple-converted-space\"> <\/span><\/p>\n<p class=\"p3\"><b>\u00bfCu\u00e1les son sus derechos cuando nos facilita sus datos?<\/b><\/p>\n<p class=\"p3\">Cualquier persona tiene derecho a obtener confirmaci\u00f3n sobre si estamos tratando o no sus datos personales.<\/p>\n<p class=\"p3\">Las personas interesadas tienen derecho a acceder a sus datos personales, as\u00ed como a solicitar la rectificaci\u00f3n de los datos inexactos o, en su caso, solicitar su supresi\u00f3n cuando, entre otros motivos, los datos ya no sean necesarios para los fines para los que se recogieron.<\/p>\n<p class=\"p3\">En determinadas circunstancias los interesados \u200b\u200bpodr\u00e1n solicitar la limitaci\u00f3n del tratamiento de sus datos, en cuyo caso \u00fanicamente los conservaremos para el ejercicio o la defensa de reclamaciones.<\/p>\n<p class=\"p3\">Tambi\u00e9n, en determinadas circunstancias y por motivos relacionados con su situaci\u00f3n particular, los interesados \u200b\u200bpueden oponerse al tratamiento de sus datos. En este caso dejaremos de tratarlas, salvo por motivos leg\u00edtimos imperiosos o para el ejercicio o defensa de posibles reclamaciones. <\/p>\n<p class=\"p3\">Los interesados \u200b\u200btambi\u00e9n tendr\u00e1n derecho a la portabilidad de sus datos.<\/p>\n<p class=\"p3\">Cualquier interesado tiene derecho a no ser objeto de una decisi\u00f3n basada \u00fanicamente en el tratamiento automatizado, incluida la elaboraci\u00f3n de perfiles, que produzca efectos jur\u00eddicos que le afecten o que le afecten significativamente de forma similar.<\/p>\n<p class=\"p3\">Por \u00faltimo, los interesados \u200b\u200btienen derecho a presentar una reclamaci\u00f3n ante la Autoridad de Control competente.<\/p>\n<p class=\"p2\"><span class=\"Apple-converted-space\"> <\/span><\/p>\n<p class=\"p3\"><b>\u00bfC\u00f3mo puede ejercer sus derechos?<\/b><\/p>\n<p class=\"p3\">Envi\u00e1ndonos un escrito adjuntando una copia de un documento que lo identifique,<span class=\"Apple-converted-space\">  <\/span>en nuestra direcci\u00f3n f\u00edsica o en la electr\u00f3nica.<\/p>\n<p class=\"p3\"><b>\u00bfC\u00f3mo hemos obtenido sus datos?<\/b><\/p>\n<p class=\"p3\">Los datos personales que tratamos proceden del propio interesado, quien garantiza que los datos personales facilitados son ciertos y se hace responsable de comunicar cualquier modificaci\u00f3n. Los datos que est\u00e9n marcados con un asterisco son obligatorios para poder darle el servicio solicitado. <\/p>\n<p class=\"p2\"><span class=\"Apple-converted-space\"> <\/span><\/p>\n<p class=\"p3\"><b>\u00bfQu\u00e9 datos tratamos?<\/b><\/p>\n<p class=\"p3\">Las categor\u00edas de datos que<span class=\"Apple-converted-space\">  <\/span>podemos tratar son:<\/p>\n<p class=\"p3\">Datos de car\u00e1cter identificador<\/p>\n<p class=\"p3\">Direcciones postales o electr\u00f3nicas<\/p>\n<p class=\"p3\">En el caso de los curr\u00edculums, tambi\u00e9n:<\/p>\n<p class=\"p3\">Caracter\u00edsticas personales<\/p>\n<p class=\"p3\">Acad\u00e9micas y profesional<\/p>\n<p class=\"p2\"><span class=\"Apple-converted-space\"> <\/span><\/p>\n<p class=\"p3\">Los datos son limitados, dado que \u00fanicamente tratamos los datos necesarios para la prestaci\u00f3n de nuestros servicios y la gesti\u00f3n de nuestra actividad.<\/p>\n<p class=\"p2\"><span class=\"Apple-converted-space\"> <\/span><\/p>\n<p class=\"p3\"><b>\u00bfUtilizamos cookies?<\/b><\/p>\n<p class=\"p3\">Utilizamos cookies durante la navegaci\u00f3n en nuestra web con el consentimiento del usuario.<\/p>\n<p class=\"p3\">El usuario puede configurar su navegador para que le avise de la utilizaci\u00f3n de cookies y para evitar su uso. Por favor, visite nuestra pol\u00edtica de cookies. <\/p>\n<p class=\"p2\"><span class=\"Apple-converted-space\"> <\/span><\/p>\n<p class=\"p3\"><b>\u00bfQu\u00e9 medidas de seguridad aplicamos?<\/b><\/p>\n<p class=\"p3\">Aplicamos las medidas de seguridad establecidas en el art\u00edculo 32 del RGPD, por tanto hemos adoptado las medidas de seguridad necesarias para garantizar un nivel de seguridad adecuado al riesgo del tratamiento de datos que realizamos, con mecanismos que nos permiten garantizar la confidencialidad, integridad, disponibilidad y resiliencia permanente de los sistemas y servicios de tratamiento.<\/p>\n<p class=\"p2\"><span class=\"Apple-converted-space\"> <\/span><\/p>\n<p class=\"p3\"><b>Algunas de estas medidas son:<\/b><\/p>\n<p class=\"p3\">Informaci\u00f3n de las pol\u00edticas de tratamiento de datos al personal.<\/p>\n<p class=\"p3\">Realizaci\u00f3n de copias de seguridad peri\u00f3dicas.<\/p>\n<p class=\"p3\">Control de acceso a los datos.<\/p>\n<p class=\"p3\">Procesos de verificaci\u00f3n, evaluaci\u00f3n y valoraci\u00f3n regulares.<\/p>\n<p class=\"p2\"><span class=\"Apple-converted-space\"> <\/span><\/p>\n<p class=\"p3\"><b>\u00bfC\u00f3mo tratamos los datos por cuenta de terceros?<\/b><\/p>\n<p class=\"p3\">La tipolog\u00eda de datos, la categor\u00eda de interesados \u200b\u200by los tratamientos que podremos realizar por cuenta de nuestros clientes, se establecer\u00e1n en el correspondiente contrato de tratamiento de datos.<\/p>\t\t\t\t\t\t\t\t<\/div>\n\t\t\t\t<\/div>\n\t\t\t\t\t<\/div>\n\t\t<\/div>\n\t\t\t\t\t<\/div>\n\t\t<\/section>\n\t\t\t\t<\/div>\n\t\t","protected":false},"excerpt":{"rendered":"<p>Pol\u00edtica de privacidad Versi\u00f3n: 10 de agosto de 2022 LA ASOCIACI\u00d3N CLUSTER AGROALIMENTARIO DE PRODUCTOS T\u00cdPICOS DE MONTA\u00d1A se compromete a proteger la privacidad de los usuarios que accedan a esta web y\/o cualquiera de sus servicios. La utilizaci\u00f3n de la web y\/o de cualquiera de los servicios ofrecidos por la ASOCIACI\u00d3N CLUSTER AGROALIMENTARIO DE [&hellip;]<\/p>\n","protected":false},"author":1,"featured_media":0,"parent":0,"menu_order":0,"comment_status":"closed","ping_status":"closed","template":"","meta":{"footnotes":""},"class_list":["post-1554","page","type-page","status-publish","hentry"],"yoast_head":"<!-- This site is optimized with the Yoast SEO plugin v27.4 - https:\/\/yoast.com\/product\/yoast-seo-wordpress\/ -->\n<title>Pol\u00edtica de privacidad - Cl\u00faster de Muntanya<\/title>\n<meta name=\"robots\" content=\"index, follow, max-snippet:-1, max-image-preview:large, max-video-preview:-1\" \/>\n<link rel=\"canonical\" href=\"https:\/\/clusterdemuntanya.cat\/es\/politica-de-privacidad\/\" \/>\n<meta property=\"og:locale\" content=\"es_ES\" \/>\n<meta property=\"og:type\" content=\"article\" \/>\n<meta property=\"og:title\" content=\"Pol\u00edtica de privacidad - Cl\u00faster de Muntanya\" \/>\n<meta property=\"og:description\" content=\"Pol\u00edtica de privacidad Versi\u00f3n: 10 de agosto de 2022 LA ASOCIACI\u00d3N CLUSTER AGROALIMENTARIO DE PRODUCTOS T\u00cdPICOS DE MONTA\u00d1A se compromete a proteger la privacidad de los usuarios que accedan a esta web y\/o cualquiera de sus servicios. La utilizaci\u00f3n de la web y\/o de cualquiera de los servicios ofrecidos por la ASOCIACI\u00d3N CLUSTER AGROALIMENTARIO DE [&hellip;]\" \/>\n<meta property=\"og:url\" content=\"https:\/\/clusterdemuntanya.cat\/es\/politica-de-privacidad\/\" \/>\n<meta property=\"og:site_name\" content=\"Cl\u00faster de Muntanya\" \/>\n<meta property=\"article:modified_time\" content=\"2024-09-10T18:37:14+00:00\" \/>\n<meta name=\"twitter:card\" content=\"summary_large_image\" \/>\n<meta name=\"twitter:label1\" content=\"Tiempo de lectura\" \/>\n\t<meta name=\"twitter:data1\" content=\"7 minutos\" \/>\n<script type=\"application\/ld+json\" class=\"yoast-schema-graph\">{\"@context\":\"https:\\\/\\\/schema.org\",\"@graph\":[{\"@type\":\"WebPage\",\"@id\":\"https:\\\/\\\/clusterdemuntanya.cat\\\/es\\\/politica-de-privacidad\\\/\",\"url\":\"https:\\\/\\\/clusterdemuntanya.cat\\\/es\\\/politica-de-privacidad\\\/\",\"name\":\"Pol\u00edtica de privacidad - Cl\u00faster de Muntanya\",\"isPartOf\":{\"@id\":\"https:\\\/\\\/clusterdemuntanya.cat\\\/es\\\/#website\"},\"datePublished\":\"2022-07-04T12:56:03+00:00\",\"dateModified\":\"2024-09-10T18:37:14+00:00\",\"breadcrumb\":{\"@id\":\"https:\\\/\\\/clusterdemuntanya.cat\\\/es\\\/politica-de-privacidad\\\/#breadcrumb\"},\"inLanguage\":\"es\",\"potentialAction\":[{\"@type\":\"ReadAction\",\"target\":[\"https:\\\/\\\/clusterdemuntanya.cat\\\/es\\\/politica-de-privacidad\\\/\"]}]},{\"@type\":\"BreadcrumbList\",\"@id\":\"https:\\\/\\\/clusterdemuntanya.cat\\\/es\\\/politica-de-privacidad\\\/#breadcrumb\",\"itemListElement\":[{\"@type\":\"ListItem\",\"position\":1,\"name\":\"Inici\",\"item\":\"https:\\\/\\\/clusterdemuntanya.cat\\\/es\\\/\"},{\"@type\":\"ListItem\",\"position\":2,\"name\":\"Pol\u00edtica de privacidad\"}]},{\"@type\":\"WebSite\",\"@id\":\"https:\\\/\\\/clusterdemuntanya.cat\\\/es\\\/#website\",\"url\":\"https:\\\/\\\/clusterdemuntanya.cat\\\/es\\\/\",\"name\":\"Cl\u00faster de Muntanya\",\"description\":\"El Cl\u00faster Agroalimentari de Productes T\u00edpics de Muntanya\",\"publisher\":{\"@id\":\"https:\\\/\\\/clusterdemuntanya.cat\\\/es\\\/#organization\"},\"potentialAction\":[{\"@type\":\"SearchAction\",\"target\":{\"@type\":\"EntryPoint\",\"urlTemplate\":\"https:\\\/\\\/clusterdemuntanya.cat\\\/es\\\/?s={search_term_string}\"},\"query-input\":{\"@type\":\"PropertyValueSpecification\",\"valueRequired\":true,\"valueName\":\"search_term_string\"}}],\"inLanguage\":\"es\"},{\"@type\":\"Organization\",\"@id\":\"https:\\\/\\\/clusterdemuntanya.cat\\\/es\\\/#organization\",\"name\":\"Cl\u00faster de Muntanya\",\"url\":\"https:\\\/\\\/clusterdemuntanya.cat\\\/es\\\/\",\"logo\":{\"@type\":\"ImageObject\",\"inLanguage\":\"es\",\"@id\":\"https:\\\/\\\/clusterdemuntanya.cat\\\/es\\\/#\\\/schema\\\/logo\\\/image\\\/\",\"url\":\"https:\\\/\\\/clusterdemuntanya.cat\\\/wp-content\\\/uploads\\\/2022\\\/07\\\/logo-cluster-de-muntanya-2-horitzontal-25.png\",\"contentUrl\":\"https:\\\/\\\/clusterdemuntanya.cat\\\/wp-content\\\/uploads\\\/2022\\\/07\\\/logo-cluster-de-muntanya-2-horitzontal-25.png\",\"width\":1064,\"height\":298,\"caption\":\"Cl\u00faster de Muntanya\"},\"image\":{\"@id\":\"https:\\\/\\\/clusterdemuntanya.cat\\\/es\\\/#\\\/schema\\\/logo\\\/image\\\/\"}}]}<\/script>\n<!-- \/ Yoast SEO plugin. -->","yoast_head_json":{"title":"Pol\u00edtica de privacidad - Cl\u00faster de Muntanya","robots":{"index":"index","follow":"follow","max-snippet":"max-snippet:-1","max-image-preview":"max-image-preview:large","max-video-preview":"max-video-preview:-1"},"canonical":"https:\/\/clusterdemuntanya.cat\/es\/politica-de-privacidad\/","og_locale":"es_ES","og_type":"article","og_title":"Pol\u00edtica de privacidad - Cl\u00faster de Muntanya","og_description":"Pol\u00edtica de privacidad Versi\u00f3n: 10 de agosto de 2022 LA ASOCIACI\u00d3N CLUSTER AGROALIMENTARIO DE PRODUCTOS T\u00cdPICOS DE MONTA\u00d1A se compromete a proteger la privacidad de los usuarios que accedan a esta web y\/o cualquiera de sus servicios. La utilizaci\u00f3n de la web y\/o de cualquiera de los servicios ofrecidos por la ASOCIACI\u00d3N CLUSTER AGROALIMENTARIO DE [&hellip;]","og_url":"https:\/\/clusterdemuntanya.cat\/es\/politica-de-privacidad\/","og_site_name":"Cl\u00faster de Muntanya","article_modified_time":"2024-09-10T18:37:14+00:00","twitter_card":"summary_large_image","twitter_misc":{"Tiempo de lectura":"7 minutos"},"schema":{"@context":"https:\/\/schema.org","@graph":[{"@type":"WebPage","@id":"https:\/\/clusterdemuntanya.cat\/es\/politica-de-privacidad\/","url":"https:\/\/clusterdemuntanya.cat\/es\/politica-de-privacidad\/","name":"Pol\u00edtica de privacidad - Cl\u00faster de Muntanya","isPartOf":{"@id":"https:\/\/clusterdemuntanya.cat\/es\/#website"},"datePublished":"2022-07-04T12:56:03+00:00","dateModified":"2024-09-10T18:37:14+00:00","breadcrumb":{"@id":"https:\/\/clusterdemuntanya.cat\/es\/politica-de-privacidad\/#breadcrumb"},"inLanguage":"es","potentialAction":[{"@type":"ReadAction","target":["https:\/\/clusterdemuntanya.cat\/es\/politica-de-privacidad\/"]}]},{"@type":"BreadcrumbList","@id":"https:\/\/clusterdemuntanya.cat\/es\/politica-de-privacidad\/#breadcrumb","itemListElement":[{"@type":"ListItem","position":1,"name":"Inici","item":"https:\/\/clusterdemuntanya.cat\/es\/"},{"@type":"ListItem","position":2,"name":"Pol\u00edtica de privacidad"}]},{"@type":"WebSite","@id":"https:\/\/clusterdemuntanya.cat\/es\/#website","url":"https:\/\/clusterdemuntanya.cat\/es\/","name":"Cl\u00faster de Muntanya","description":"El Cl\u00faster Agroalimentari de Productes T\u00edpics de Muntanya","publisher":{"@id":"https:\/\/clusterdemuntanya.cat\/es\/#organization"},"potentialAction":[{"@type":"SearchAction","target":{"@type":"EntryPoint","urlTemplate":"https:\/\/clusterdemuntanya.cat\/es\/?s={search_term_string}"},"query-input":{"@type":"PropertyValueSpecification","valueRequired":true,"valueName":"search_term_string"}}],"inLanguage":"es"},{"@type":"Organization","@id":"https:\/\/clusterdemuntanya.cat\/es\/#organization","name":"Cl\u00faster de Muntanya","url":"https:\/\/clusterdemuntanya.cat\/es\/","logo":{"@type":"ImageObject","inLanguage":"es","@id":"https:\/\/clusterdemuntanya.cat\/es\/#\/schema\/logo\/image\/","url":"https:\/\/clusterdemuntanya.cat\/wp-content\/uploads\/2022\/07\/logo-cluster-de-muntanya-2-horitzontal-25.png","contentUrl":"https:\/\/clusterdemuntanya.cat\/wp-content\/uploads\/2022\/07\/logo-cluster-de-muntanya-2-horitzontal-25.png","width":1064,"height":298,"caption":"Cl\u00faster de Muntanya"},"image":{"@id":"https:\/\/clusterdemuntanya.cat\/es\/#\/schema\/logo\/image\/"}}]}},"_links":{"self":[{"href":"https:\/\/clusterdemuntanya.cat\/es\/wp-json\/wp\/v2\/pages\/1554","targetHints":{"allow":["GET"]}}],"collection":[{"href":"https:\/\/clusterdemuntanya.cat\/es\/wp-json\/wp\/v2\/pages"}],"about":[{"href":"https:\/\/clusterdemuntanya.cat\/es\/wp-json\/wp\/v2\/types\/page"}],"author":[{"embeddable":true,"href":"https:\/\/clusterdemuntanya.cat\/es\/wp-json\/wp\/v2\/users\/1"}],"replies":[{"embeddable":true,"href":"https:\/\/clusterdemuntanya.cat\/es\/wp-json\/wp\/v2\/comments?post=1554"}],"version-history":[{"count":1,"href":"https:\/\/clusterdemuntanya.cat\/es\/wp-json\/wp\/v2\/pages\/1554\/revisions"}],"predecessor-version":[{"id":1555,"href":"https:\/\/clusterdemuntanya.cat\/es\/wp-json\/wp\/v2\/pages\/1554\/revisions\/1555"}],"wp:attachment":[{"href":"https:\/\/clusterdemuntanya.cat\/es\/wp-json\/wp\/v2\/media?parent=1554"}],"curies":[{"name":"wp","href":"https:\/\/api.w.org\/{rel}","templated":true}]}}